{"id":2389,"date":"2022-03-24T09:35:34","date_gmt":"2022-03-24T09:35:34","guid":{"rendered":"https:\/\/hotel-grimselpass.ch\/reservation\/"},"modified":"2022-12-15T16:58:01","modified_gmt":"2022-12-15T14:58:01","slug":"reservations","status":"publish","type":"page","link":"https:\/\/hotel-grimselpass.ch\/fr\/reservations\/","title":{"rendered":"R\u00e9servations"},"content":{"rendered":"<section class=\"ffb-id-5tgv8vj1 fg-section fg-text-dark\"><div class=\"fg-container container fg-container-large fg-container-lvl--1 \"><div class=\"fg-row row    \" ><div class=\"ffb-id-5tgv8vj2 fg-col col-xs-12 col-md-12 fg-text-dark\"><section class=\"ffb-id-5tgv9dan section-heading fg-text-dark\" style=\"text-align:left; \"><h2 class=\"fg-text-dark ffb-h2-1\">Votre s\u00e9jour \u00e0 l'h\u00f4tel Grimsel Passh\u00f6he<\/h2><p class=\"fg-text-dark ffb-paragraph-2\">R\u00e9servez votre chambre<\/p><\/section><div class=\"ffb-id-5tgvguri skd-widget fg-text-dark\" data-skd-widget=\"check-availability\" data-skd-send-to-groups=\"A\" data-skd-listen-to-groups=\"B\"><div style=\"width:100%; min-height:50px; text-align:center;\"><img decoding=\"async\" src=\"https:\/\/static.seekda.com\/assets\/images\/skd_spinner.gif\" \/><noscript>Your browser doesn't support JavaScript or it has been disabled. To use the booking engine, please make sure to get JavaScript running.<\/noscript><\/div><\/div><div class=\"ffb-id-5thdqfcu skd-widget fg-text-dark\" data-skd-widget=\"offer-list\" data-skd-send-to-groups=\"B\" data-skd-listen-to-groups=\"A\"><div style=\"width:100%; min-height:100px; text-align:center;\"><img decoding=\"async\" src=\"https:\/\/static.seekda.com\/assets\/images\/skd_spinner.gif\" \/><noscript>Your browser doesn't support JavaScript or it has been disabled. To use the booking engine, please make sure to get JavaScript running.<\/noscript><\/div><\/div><\/div><\/div><\/div><\/section><style>.ffb-id-5tgv9dan .ffb-h2-1 ,.ffb-id-5tgv9dan .ffb-h2-1:before,.ffb-id-5tgv9dan .ffb-h2-1:after,.ffb-id-5tgv9dan .ffb-h2-1 *,.ffb-id-5tgv9dan .ffb-h2-1 *:before,.ffb-id-5tgv9dan .ffb-h2-1 *:after{ color: #575756 !important;}.ffb-id-5tgv9dan .ffb-h2-1{ font-size: 30px !important;font-weight: 600 !important;}.ffb-id-5tgv9dan .ffb-h2-1 ,.ffb-id-5tgv9dan .ffb-h2-1:before,.ffb-id-5tgv9dan .ffb-h2-1:after,.ffb-id-5tgv9dan .ffb-h2-1:hover,.ffb-id-5tgv9dan .ffb-h2-1:focus,.ffb-id-5tgv9dan .ffb-h2-1 *,.ffb-id-5tgv9dan .ffb-h2-1 *:before,.ffb-id-5tgv9dan .ffb-h2-1 *:after,.ffb-id-5tgv9dan .ffb-h2-1 *:hover,.ffb-id-5tgv9dan .ffb-h2-1 *:focus{ font-size: 30px !important;font-weight: 600 !important;}.ffb-id-5tgv9dan .ffb-paragraph-2 ,.ffb-id-5tgv9dan .ffb-paragraph-2:before,.ffb-id-5tgv9dan .ffb-paragraph-2:after,.ffb-id-5tgv9dan .ffb-paragraph-2 *,.ffb-id-5tgv9dan .ffb-paragraph-2 *:before,.ffb-id-5tgv9dan .ffb-paragraph-2 *:after{ color: #575756 !important;}.ffb-id-5tgv9dan .ffb-paragraph-2{ font-size: 18px !important;}.ffb-id-5tgv9dan .ffb-paragraph-2 ,.ffb-id-5tgv9dan .ffb-paragraph-2:before,.ffb-id-5tgv9dan .ffb-paragraph-2:after,.ffb-id-5tgv9dan .ffb-paragraph-2:hover,.ffb-id-5tgv9dan .ffb-paragraph-2:focus,.ffb-id-5tgv9dan .ffb-paragraph-2 *,.ffb-id-5tgv9dan .ffb-paragraph-2 *:before,.ffb-id-5tgv9dan .ffb-paragraph-2 *:after,.ffb-id-5tgv9dan .ffb-paragraph-2 *:hover,.ffb-id-5tgv9dan .ffb-paragraph-2 *:focus{ font-size: 18px !important;}<\/style><script type=\"text\/javascript\"><\/script>\n","protected":false},"excerpt":{"rendered":"","protected":false},"author":1,"featured_media":0,"parent":0,"menu_order":0,"comment_status":"closed","ping_status":"closed","template":"","meta":{"inline_featured_image":false,"footnotes":""},"class_list":["post-2389","page","type-page","status-publish","hentry","post-wrapper"],"_links":{"self":[{"href":"https:\/\/hotel-grimselpass.ch\/fr\/wp-json\/wp\/v2\/pages\/2389","targetHints":{"allow":["GET"]}}],"collection":[{"href":"https:\/\/hotel-grimselpass.ch\/fr\/wp-json\/wp\/v2\/pages"}],"about":[{"href":"https:\/\/hotel-grimselpass.ch\/fr\/wp-json\/wp\/v2\/types\/page"}],"author":[{"embeddable":true,"href":"https:\/\/hotel-grimselpass.ch\/fr\/wp-json\/wp\/v2\/users\/1"}],"replies":[{"embeddable":true,"href":"https:\/\/hotel-grimselpass.ch\/fr\/wp-json\/wp\/v2\/comments?post=2389"}],"version-history":[{"count":2,"href":"https:\/\/hotel-grimselpass.ch\/fr\/wp-json\/wp\/v2\/pages\/2389\/revisions"}],"predecessor-version":[{"id":2511,"href":"https:\/\/hotel-grimselpass.ch\/fr\/wp-json\/wp\/v2\/pages\/2389\/revisions\/2511"}],"wp:attachment":[{"href":"https:\/\/hotel-grimselpass.ch\/fr\/wp-json\/wp\/v2\/media?parent=2389"}],"curies":[{"name":"wp","href":"https:\/\/api.w.org\/{rel}","templated":true}]}}