{"id":2321,"date":"2022-04-20T03:45:21","date_gmt":"2022-04-20T03:45:21","guid":{"rendered":"https:\/\/hotel-grimselpass.ch\/aktivitaeten\/"},"modified":"2022-12-15T11:56:05","modified_gmt":"2022-12-15T09:56:05","slug":"activites","status":"publish","type":"page","link":"https:\/\/hotel-grimselpass.ch\/fr\/activites\/","title":{"rendered":"Activit\u00e9s"},"content":{"rendered":"<p><section class=\"ffb-id-5p59ot2p fg-section fg-text-dark\"><div class=\"fg-container container fg-container-large fg-container-lvl--1 \"><div class=\"fg-row row    \" ><div class=\"ffb-id-5p59ot2q fg-col col-xs-12 col-md-12 fg-text-dark\"><div class=\"ffb-id-5p5a5e30 ffg-empty-space fg-text-dark\"><\/div><h2 class=\"ffb-id-5p5a02jg fg-heading text-left    fg-text-dark\">Activit\u00e9s autour de l'h\u00f4tel Grimsel Passh\u00f6he<\/h2><div class=\"ffb-id-5p5a1did fg-paragraph ff-richtext text-left    fg-text-dark\"><\/p>\n<p>Vous trouverez ici quelques id&eacute;es et suggestions de ce que vous pouvez faire lors d'un s&eacute;jour estival dans notre maison.<\/p>\n<p><\/div><div class=\"ffb-id-5p5a5via ffg-empty-space fg-text-dark\"><\/div><\/div><\/div><\/div><\/section><style>.ffb-id-5p5a5via{ height: 50px;}.ffb-id-5p5a1did ,.ffb-id-5p5a1did:before,.ffb-id-5p5a1did:after,.ffb-id-5p5a1did *,.ffb-id-5p5a1did *:before,.ffb-id-5p5a1did *:after{ color: #575756 !important;}.ffb-id-5p5a1did{ font-size: 18px !important;}.ffb-id-5p5a1did ,.ffb-id-5p5a1did:before,.ffb-id-5p5a1did:after,.ffb-id-5p5a1did:hover,.ffb-id-5p5a1did:focus,.ffb-id-5p5a1did *,.ffb-id-5p5a1did *:before,.ffb-id-5p5a1did *:after,.ffb-id-5p5a1did *:hover,.ffb-id-5p5a1did *:focus{ font-size: 18px !important;}.ffb-id-5p5a02jg ,.ffb-id-5p5a02jg:before,.ffb-id-5p5a02jg:after,.ffb-id-5p5a02jg *,.ffb-id-5p5a02jg *:before,.ffb-id-5p5a02jg *:after{ color: #575756 !important;}.ffb-id-5p5a02jg{ font-size: 38px !important;font-weight: 700 !important;}.ffb-id-5p5a02jg ,.ffb-id-5p5a02jg:before,.ffb-id-5p5a02jg:after,.ffb-id-5p5a02jg:hover,.ffb-id-5p5a02jg:focus,.ffb-id-5p5a02jg *,.ffb-id-5p5a02jg *:before,.ffb-id-5p5a02jg *:after,.ffb-id-5p5a02jg *:hover,.ffb-id-5p5a02jg *:focus{ font-size: 38px !important;font-weight: 700 !important;}.ffb-id-5p5a5e30{ height: 50px;}<\/style><script type=\"text\/javascript\"><\/script><section class=\"ffb-id-5p59p30e fg-section fg-text-dark\"><div class=\"fg-container container fg-container-large fg-container-lvl--1 \"><div class=\"fg-row row    \" ><div class=\"ffb-id-5p59p30f fg-col col-xs-12 col-md-12 fg-text-dark\"><section class=\"ffb-id-5p59pm0t blog-classic-v1 fg-text-dark\"><div class=\"fg-row fg-blog-row-main row blog-content\"><div class=\"fg-col fg-blog-col-main col-xs-12 col-sm-6 col-md-4 col-lg-4\"><div id=\"post-619\" class=\"blog-classic post-wrapper post-619 post type-post status-publish format-standard has-post-thumbnail hentry category-aktivitaeten category-sommer fg-text-dark ffb-post-wrapper\"><div class=\"blog-classic-body-part text-left\"><img decoding=\"async\" class=\"blog-classic-featured-image img-responsive full-width  img-responsive full-width ff-post-featured-image fg-text-dark ffb-featured-image-1\" src=\"https:\/\/hotel-grimselpass.ch\/wp-content\/uploads\/freshizer\/3b863c4dc646e4344a9338a0e7fbe503_Baechlitalhuette-768-c-90.jpg\" alt=\"B\u00e4chlitalh\u00fctte\" title=\"Aktivit\u00e4ten B\u00e4chlitalh\u00fctte\"><div class=\"blog-classic-body\"><h2 class=\"blog-classic-title fg-text-dark ffb-title-2\"><a class=\"\" href=\"https:\/\/hotel-grimselpass.ch\/fr\/aktivitaeten\/baechlitalhuette\/\">B\u00e4chlitalh\u00fctte<\/a><\/h2><\/div><\/div><div class=\"blog-classic-overlay text-left\"><div class=\"blog-classic-hover\" style=\"background-image: url(https:\/\/hotel-grimselpass.ch\/wp-content\/uploads\/freshizer\/3b863c4dc646e4344a9338a0e7fbe503_Baechlitalhuette-1920-800-c-90.jpg)\"><\/div><div class=\"blog-classic-overlay-body\"><h2 class=\"blog-classic-title fg-text-light ffb-title-1\"><a class=\"\" href=\"https:\/\/hotel-grimselpass.ch\/fr\/aktivitaeten\/baechlitalhuette\/\">B\u00e4chlitalh\u00fctte<\/a><\/h2><\/div><\/div><a href=\"https:\/\/hotel-grimselpass.ch\/fr\/aktivitaeten\/baechlitalhuette\/\" class=\"blog-classic-link\"><\/a><\/div><\/div><div class=\"fg-col fg-blog-col-main col-xs-12 col-sm-6 col-md-4 col-lg-4\"><div id=\"post-592\" class=\"blog-classic post-wrapper post-592 post type-post status-publish format-standard has-post-thumbnail hentry category-aktivitaeten category-sommer fg-text-dark ffb-post-wrapper\"><div class=\"blog-classic-body-part text-left\"><img decoding=\"async\" class=\"blog-classic-featured-image img-responsive full-width  img-responsive full-width ff-post-featured-image fg-text-dark ffb-featured-image-1\" src=\"https:\/\/hotel-grimselpass.ch\/wp-content\/uploads\/freshizer\/402aaf7123691141f8a8d29592dd97a4_Gelmerhuette-1-768-c-90.jpg\" alt=\"Gelmerh\u00fctte\" title=\"Aktivit\u00e4ten Gelmerh\u00fctte\"><div class=\"blog-classic-body\"><h2 class=\"blog-classic-title fg-text-dark ffb-title-2\"><a class=\"\" href=\"https:\/\/hotel-grimselpass.ch\/fr\/aktivitaeten\/gelmerhuette\/\">Gelmerh\u00fctte<\/a><\/h2><\/div><\/div><div class=\"blog-classic-overlay text-left\"><div class=\"blog-classic-hover\" style=\"background-image: url(https:\/\/hotel-grimselpass.ch\/wp-content\/uploads\/freshizer\/402aaf7123691141f8a8d29592dd97a4_Gelmerhuette-1-1920-800-c-90.jpg)\"><\/div><div class=\"blog-classic-overlay-body\"><h2 class=\"blog-classic-title fg-text-light ffb-title-1\"><a class=\"\" href=\"https:\/\/hotel-grimselpass.ch\/fr\/aktivitaeten\/gelmerhuette\/\">Gelmerh\u00fctte<\/a><\/h2><\/div><\/div><a href=\"https:\/\/hotel-grimselpass.ch\/fr\/aktivitaeten\/gelmerhuette\/\" class=\"blog-classic-link\"><\/a><\/div><\/div><div class=\"clearfix visible-sm-block\"><\/div><div class=\"fg-col fg-blog-col-main col-xs-12 col-sm-6 col-md-4 col-lg-4\"><div id=\"post-588\" class=\"blog-classic post-wrapper post-588 post type-post status-publish format-standard has-post-thumbnail hentry category-aktivitaeten category-sommer fg-text-dark ffb-post-wrapper\"><div class=\"blog-classic-body-part text-left\"><img decoding=\"async\" class=\"blog-classic-featured-image img-responsive full-width  img-responsive full-width ff-post-featured-image fg-text-dark ffb-featured-image-1\" src=\"https:\/\/hotel-grimselpass.ch\/wp-content\/uploads\/freshizer\/c06c038fdea21c420f694dea0499c7e4_Gelmersee-1-768-c-90.jpg\" alt=\"Gelmersee\" title=\"Aktivit\u00e4ten Gelmersee\"><div class=\"blog-classic-body\"><h2 class=\"blog-classic-title fg-text-dark ffb-title-2\"><a class=\"\" href=\"https:\/\/hotel-grimselpass.ch\/fr\/aktivitaeten\/gelmersee\/\">Gelmersee<\/a><\/h2><\/div><\/div><div class=\"blog-classic-overlay text-left\"><div class=\"blog-classic-hover\" style=\"background-image: url(https:\/\/hotel-grimselpass.ch\/wp-content\/uploads\/freshizer\/c06c038fdea21c420f694dea0499c7e4_Gelmersee-1-1920-800-c-90.jpg)\"><\/div><div class=\"blog-classic-overlay-body\"><h2 class=\"blog-classic-title fg-text-light ffb-title-1\"><a class=\"\" href=\"https:\/\/hotel-grimselpass.ch\/fr\/aktivitaeten\/gelmersee\/\">Gelmersee<\/a><\/h2><\/div><\/div><a href=\"https:\/\/hotel-grimselpass.ch\/fr\/aktivitaeten\/gelmersee\/\" class=\"blog-classic-link\"><\/a><\/div><\/div><div class=\"clearfix visible-md-block visible-lg-block\"><\/div><div class=\"fg-col fg-blog-col-main col-xs-12 col-sm-6 col-md-4 col-lg-4\"><div id=\"post-594\" class=\"blog-classic post-wrapper post-594 post type-post status-publish format-standard has-post-thumbnail hentry category-aktivitaeten category-sommer fg-text-dark ffb-post-wrapper\"><div class=\"blog-classic-body-part text-left\"><img decoding=\"async\" class=\"blog-classic-featured-image img-responsive full-width  img-responsive full-width ff-post-featured-image fg-text-dark ffb-featured-image-1\" src=\"https:\/\/hotel-grimselpass.ch\/wp-content\/uploads\/freshizer\/87268fc330dddaf9c1a85700e825c59d_Grimselwelt-Trail-768-c-90.jpg\" alt=\"Grimselwelt Trail\" title=\"Aktivit\u00e4ten Grimselwelt Trail\"><div class=\"blog-classic-body\"><h2 class=\"blog-classic-title fg-text-dark ffb-title-2\"><a class=\"\" href=\"https:\/\/hotel-grimselpass.ch\/fr\/aktivitaeten\/grimselwelt-trail\/\">Grimselwelt Trail<\/a><\/h2><\/div><\/div><div class=\"blog-classic-overlay text-left\"><div class=\"blog-classic-hover\" style=\"background-image: url(https:\/\/hotel-grimselpass.ch\/wp-content\/uploads\/freshizer\/87268fc330dddaf9c1a85700e825c59d_Grimselwelt-Trail-1500-800-c-90.jpg)\"><\/div><div class=\"blog-classic-overlay-body\"><h2 class=\"blog-classic-title fg-text-light ffb-title-1\"><a class=\"\" href=\"https:\/\/hotel-grimselpass.ch\/fr\/aktivitaeten\/grimselwelt-trail\/\">Grimselwelt Trail<\/a><\/h2><\/div><\/div><a href=\"https:\/\/hotel-grimselpass.ch\/fr\/aktivitaeten\/grimselwelt-trail\/\" class=\"blog-classic-link\"><\/a><\/div><\/div><div class=\"clearfix visible-sm-block\"><\/div><div class=\"fg-col fg-blog-col-main col-xs-12 col-sm-6 col-md-4 col-lg-4\"><div id=\"post-615\" class=\"blog-classic post-wrapper post-615 post type-post status-publish format-standard has-post-thumbnail hentry category-aktivitaeten category-sommer fg-text-dark ffb-post-wrapper\"><div class=\"blog-classic-body-part text-left\"><img decoding=\"async\" class=\"blog-classic-featured-image img-responsive full-width  img-responsive full-width ff-post-featured-image fg-text-dark ffb-featured-image-1\" src=\"https:\/\/hotel-grimselpass.ch\/wp-content\/uploads\/freshizer\/a6e68cab22d6469bbc9c46aced1c4f49_Lauteraarhuette-1-768-c-90.jpg\" alt=\"Lauteraarh\u00fctte\" title=\"Aktivit\u00e4ten Lauteraarh\u00fctte\"><div class=\"blog-classic-body\"><h2 class=\"blog-classic-title fg-text-dark ffb-title-2\"><a class=\"\" href=\"https:\/\/hotel-grimselpass.ch\/fr\/aktivitaeten\/lauteraarhuette\/\">Lauteraarh\u00fctte<\/a><\/h2><\/div><\/div><div class=\"blog-classic-overlay text-left\"><div class=\"blog-classic-hover\" style=\"background-image: url(https:\/\/hotel-grimselpass.ch\/wp-content\/uploads\/freshizer\/a6e68cab22d6469bbc9c46aced1c4f49_Lauteraarhuette-1-1920-800-c-90.jpg)\"><\/div><div class=\"blog-classic-overlay-body\"><h2 class=\"blog-classic-title fg-text-light ffb-title-1\"><a class=\"\" href=\"https:\/\/hotel-grimselpass.ch\/fr\/aktivitaeten\/lauteraarhuette\/\">Lauteraarh\u00fctte<\/a><\/h2><\/div><\/div><a href=\"https:\/\/hotel-grimselpass.ch\/fr\/aktivitaeten\/lauteraarhuette\/\" class=\"blog-classic-link\"><\/a><\/div><\/div><div class=\"fg-col fg-blog-col-main col-xs-12 col-sm-6 col-md-4 col-lg-4\"><div id=\"post-241\" class=\"blog-classic post-wrapper post-241 post type-post status-publish format-standard has-post-thumbnail hentry category-aktivitaeten category-sommer fg-text-dark ffb-post-wrapper\"><div class=\"blog-classic-body-part text-left\"><img decoding=\"async\" class=\"blog-classic-featured-image img-responsive full-width  img-responsive full-width ff-post-featured-image fg-text-dark ffb-featured-image-1\" src=\"https:\/\/hotel-grimselpass.ch\/wp-content\/uploads\/freshizer\/f2f48ec9c2a20fcbf5d02116c26591ee_Naegelisgraetli-768-c-90.jpg\" alt=\"N\u00e4gelisgr\u00e4tli\" title=\"Aktivit\u00e4ten N\u00e4gelisgr\u00e4tli\"><div class=\"blog-classic-body\"><h2 class=\"blog-classic-title fg-text-dark ffb-title-2\"><a class=\"\" href=\"https:\/\/hotel-grimselpass.ch\/fr\/aktivitaeten\/naegelisgraetli\/\">N\u00e4gelisgr\u00e4tli<\/a><\/h2><\/div><\/div><div class=\"blog-classic-overlay text-left\"><div class=\"blog-classic-hover\" style=\"background-image: url(https:\/\/hotel-grimselpass.ch\/wp-content\/uploads\/freshizer\/f2f48ec9c2a20fcbf5d02116c26591ee_Naegelisgraetli-965-800-c-90.jpg)\"><\/div><div class=\"blog-classic-overlay-body\"><h2 class=\"blog-classic-title fg-text-light ffb-title-1\"><a class=\"\" href=\"https:\/\/hotel-grimselpass.ch\/fr\/aktivitaeten\/naegelisgraetli\/\">N\u00e4gelisgr\u00e4tli<\/a><\/h2><\/div><\/div><a href=\"https:\/\/hotel-grimselpass.ch\/fr\/aktivitaeten\/naegelisgraetli\/\" class=\"blog-classic-link\"><\/a><\/div><\/div><div class=\"clearfix visible-sm-block visible-md-block visible-lg-block\"><\/div><div class=\"fg-col fg-blog-col-main col-xs-12 col-sm-6 col-md-4 col-lg-4\"><div id=\"post-570\" class=\"blog-classic post-wrapper post-570 post type-post status-publish format-standard has-post-thumbnail hentry category-aktivitaeten category-sommer fg-text-dark ffb-post-wrapper\"><div class=\"blog-classic-body-part text-left\"><img decoding=\"async\" class=\"blog-classic-featured-image img-responsive full-width  img-responsive full-width ff-post-featured-image fg-text-dark ffb-featured-image-1\" src=\"https:\/\/hotel-grimselpass.ch\/wp-content\/uploads\/freshizer\/b75366cd9f437742b8193a60a686ceed_Sidelhorn-1-768-c-90.jpg\" alt=\"Sidelhorn\" title=\"Aktivit\u00e4ten Sidelhorn\"><div class=\"blog-classic-body\"><h2 class=\"blog-classic-title fg-text-dark ffb-title-2\"><a class=\"\" href=\"https:\/\/hotel-grimselpass.ch\/fr\/aktivitaeten\/sidelhorn\/\">Sidelhorn<\/a><\/h2><\/div><\/div><div class=\"blog-classic-overlay text-left\"><div class=\"blog-classic-hover\" style=\"background-image: url(https:\/\/hotel-grimselpass.ch\/wp-content\/uploads\/freshizer\/b75366cd9f437742b8193a60a686ceed_Sidelhorn-1-1920-800-c-90.jpg)\"><\/div><div class=\"blog-classic-overlay-body\"><h2 class=\"blog-classic-title fg-text-light ffb-title-1\"><a class=\"\" href=\"https:\/\/hotel-grimselpass.ch\/fr\/aktivitaeten\/sidelhorn\/\">Sidelhorn<\/a><\/h2><\/div><\/div><a href=\"https:\/\/hotel-grimselpass.ch\/fr\/aktivitaeten\/sidelhorn\/\" class=\"blog-classic-link\"><\/a><\/div><\/div><\/div><\/section><\/div><\/div><\/div><\/section><style>.ffb-id-5p5a5via{ \nheight: 50px;\n}\n.ffb-id-5p5a1did ,\n.ffb-id-5p5a1did:before,\n.ffb-id-5p5a1did:after,\n.ffb-id-5p5a1did *,\n.ffb-id-5p5a1did *:before,\n.ffb-id-5p5a1did *:after{ \ncolor: #575756 !important;\n}\n.ffb-id-5p5a1did{ \nfont-size: 18px !important;\n}\n.ffb-id-5p5a1did ,\n.ffb-id-5p5a1did:before,\n.ffb-id-5p5a1did:after,\n.ffb-id-5p5a1did:hover,\n.ffb-id-5p5a1did:focus,\n.ffb-id-5p5a1did *,\n.ffb-id-5p5a1did *:before,\n.ffb-id-5p5a1did *:after,\n.ffb-id-5p5a1did *:hover,\n.ffb-id-5p5a1did *:focus{ \nfont-size: 18px !important;\n}\n.ffb-id-5p5a02jg ,\n.ffb-id-5p5a02jg:before,\n.ffb-id-5p5a02jg:after,\n.ffb-id-5p5a02jg *,\n.ffb-id-5p5a02jg *:before,\n.ffb-id-5p5a02jg *:after{ \ncolor: #575756 !important;\n}\n.ffb-id-5p5a02jg{ \nfont-size: 38px !important;\nfont-weight: 700 !important;\n}\n.ffb-id-5p5a02jg ,\n.ffb-id-5p5a02jg:before,\n.ffb-id-5p5a02jg:after,\n.ffb-id-5p5a02jg:hover,\n.ffb-id-5p5a02jg:focus,\n.ffb-id-5p5a02jg *,\n.ffb-id-5p5a02jg *:before,\n.ffb-id-5p5a02jg *:after,\n.ffb-id-5p5a02jg *:hover,\n.ffb-id-5p5a02jg *:focus{ \nfont-size: 38px !important;\nfont-weight: 700 !important;\n}\n.ffb-id-5p5a5e30{ \nheight: 50px;\n}\n.ffb-id-5p59pm0t .ffb-post-wrapper .blog-classic-body-part .ffb-featured-image-1{ margin-top: 10px;margin-bottom: 10px;}.ffb-id-5p59pm0t .ffb-post-wrapper .blog-classic-overlay:before{ border-top: 1px solid #ffffff !important;}.ffb-id-5p59pm0t .ffb-post-wrapper .blog-classic-overlay:before{ border-bottom: 1px solid #ffffff !important;}.ffb-id-5p59pm0t .ffb-post-wrapper .blog-classic-overlay:after{ border-left: 1px solid #ffffff !important;}.ffb-id-5p59pm0t .ffb-post-wrapper .blog-classic-overlay:after{ border-right: 1px solid #ffffff !important;}.ffb-id-5p59pm0t .ffb-post-wrapper .blog-classic-overlay .blog-classic-hover:before{ background-color: rgba(52, 52, 60, 0.3);}.ffb-id-5p59pm0t .ffb-post-wrapper .blog-classic-body-part .ffb-featured-image-1{ margin-top: 10px;margin-bottom: 10px;}.ffb-id-5p59pm0t .ffb-post-wrapper .blog-classic-overlay:before{ border-top: 1px solid #ffffff !important;}.ffb-id-5p59pm0t .ffb-post-wrapper .blog-classic-overlay:before{ border-bottom: 1px solid #ffffff !important;}.ffb-id-5p59pm0t .ffb-post-wrapper .blog-classic-overlay:after{ border-left: 1px solid #ffffff !important;}.ffb-id-5p59pm0t .ffb-post-wrapper .blog-classic-overlay:after{ border-right: 1px solid #ffffff !important;}.ffb-id-5p59pm0t .ffb-post-wrapper .blog-classic-overlay .blog-classic-hover:before{ background-color: rgba(52, 52, 60, 0.3);}.ffb-id-5p59pm0t .ffb-post-wrapper .blog-classic-body-part .ffb-featured-image-1{ margin-top: 10px;margin-bottom: 10px;}.ffb-id-5p59pm0t .ffb-post-wrapper .blog-classic-overlay:before{ border-top: 1px solid #ffffff !important;}.ffb-id-5p59pm0t .ffb-post-wrapper .blog-classic-overlay:before{ border-bottom: 1px solid #ffffff !important;}.ffb-id-5p59pm0t .ffb-post-wrapper .blog-classic-overlay:after{ border-left: 1px solid #ffffff !important;}.ffb-id-5p59pm0t .ffb-post-wrapper .blog-classic-overlay:after{ border-right: 1px solid #ffffff !important;}.ffb-id-5p59pm0t .ffb-post-wrapper .blog-classic-overlay .blog-classic-hover:before{ background-color: rgba(52, 52, 60, 0.3);}.ffb-id-5p59pm0t .ffb-post-wrapper .blog-classic-body-part .ffb-featured-image-1{ margin-top: 10px;margin-bottom: 10px;}.ffb-id-5p59pm0t .ffb-post-wrapper .blog-classic-overlay:before{ border-top: 1px solid #ffffff !important;}.ffb-id-5p59pm0t .ffb-post-wrapper .blog-classic-overlay:before{ border-bottom: 1px solid #ffffff !important;}.ffb-id-5p59pm0t .ffb-post-wrapper .blog-classic-overlay:after{ border-left: 1px solid #ffffff !important;}.ffb-id-5p59pm0t .ffb-post-wrapper .blog-classic-overlay:after{ border-right: 1px solid #ffffff !important;}.ffb-id-5p59pm0t .ffb-post-wrapper .blog-classic-overlay .blog-classic-hover:before{ background-color: rgba(52, 52, 60, 0.3);}.ffb-id-5p59pm0t .ffb-post-wrapper .blog-classic-body-part .ffb-featured-image-1{ margin-top: 10px;margin-bottom: 10px;}.ffb-id-5p59pm0t .ffb-post-wrapper .blog-classic-overlay:before{ border-top: 1px solid #ffffff !important;}.ffb-id-5p59pm0t .ffb-post-wrapper .blog-classic-overlay:before{ border-bottom: 1px solid #ffffff !important;}.ffb-id-5p59pm0t .ffb-post-wrapper .blog-classic-overlay:after{ border-left: 1px solid #ffffff !important;}.ffb-id-5p59pm0t .ffb-post-wrapper .blog-classic-overlay:after{ border-right: 1px solid #ffffff !important;}.ffb-id-5p59pm0t .ffb-post-wrapper .blog-classic-overlay .blog-classic-hover:before{ background-color: rgba(52, 52, 60, 0.3);}.ffb-id-5p59pm0t .ffb-post-wrapper .blog-classic-body-part .ffb-featured-image-1{ margin-top: 10px;margin-bottom: 10px;}.ffb-id-5p59pm0t .ffb-post-wrapper .blog-classic-overlay:before{ border-top: 1px solid #ffffff !important;}.ffb-id-5p59pm0t .ffb-post-wrapper .blog-classic-overlay:before{ border-bottom: 1px solid #ffffff !important;}.ffb-id-5p59pm0t .ffb-post-wrapper .blog-classic-overlay:after{ border-left: 1px solid #ffffff !important;}.ffb-id-5p59pm0t .ffb-post-wrapper .blog-classic-overlay:after{ border-right: 1px solid #ffffff !important;}.ffb-id-5p59pm0t .ffb-post-wrapper .blog-classic-overlay .blog-classic-hover:before{ background-color: rgba(52, 52, 60, 0.3);}.ffb-id-5p59pm0t .ffb-post-wrapper .blog-classic-body-part .ffb-featured-image-1{ margin-top: 10px;margin-bottom: 10px;}.ffb-id-5p59pm0t .ffb-post-wrapper .blog-classic-overlay:before{ border-top: 1px solid #ffffff !important;}.ffb-id-5p59pm0t .ffb-post-wrapper .blog-classic-overlay:before{ border-bottom: 1px solid #ffffff !important;}.ffb-id-5p59pm0t .ffb-post-wrapper .blog-classic-overlay:after{ border-left: 1px solid #ffffff !important;}.ffb-id-5p59pm0t .ffb-post-wrapper .blog-classic-overlay:after{ border-right: 1px solid #ffffff !important;}.ffb-id-5p59pm0t .ffb-post-wrapper .blog-classic-overlay .blog-classic-hover:before{ background-color: rgba(52, 52, 60, 0.3);}.ffb-id-5p59pm0t .blog-classic-body-part .blog-classic-body{ background-color: #ffffff;}.ffb-id-5p59pm0t .blog-classic-body-part .blog-classic-body .blog-classic-label{ color: #ffffff;}.ffb-id-5p59pm0t .blog-classic-body-part .blog-classic-body .blog-classic-label{ background-color: #34343c;}<\/style><script type=\"text\/javascript\"><\/script><\/p>\n","protected":false},"excerpt":{"rendered":"","protected":false},"author":1,"featured_media":0,"parent":0,"menu_order":0,"comment_status":"closed","ping_status":"closed","template":"","meta":{"inline_featured_image":false,"footnotes":""},"class_list":["post-2321","page","type-page","status-publish","hentry","post-wrapper"],"_links":{"self":[{"href":"https:\/\/hotel-grimselpass.ch\/fr\/wp-json\/wp\/v2\/pages\/2321","targetHints":{"allow":["GET"]}}],"collection":[{"href":"https:\/\/hotel-grimselpass.ch\/fr\/wp-json\/wp\/v2\/pages"}],"about":[{"href":"https:\/\/hotel-grimselpass.ch\/fr\/wp-json\/wp\/v2\/types\/page"}],"author":[{"embeddable":true,"href":"https:\/\/hotel-grimselpass.ch\/fr\/wp-json\/wp\/v2\/users\/1"}],"replies":[{"embeddable":true,"href":"https:\/\/hotel-grimselpass.ch\/fr\/wp-json\/wp\/v2\/comments?post=2321"}],"version-history":[{"count":4,"href":"https:\/\/hotel-grimselpass.ch\/fr\/wp-json\/wp\/v2\/pages\/2321\/revisions"}],"predecessor-version":[{"id":2472,"href":"https:\/\/hotel-grimselpass.ch\/fr\/wp-json\/wp\/v2\/pages\/2321\/revisions\/2472"}],"wp:attachment":[{"href":"https:\/\/hotel-grimselpass.ch\/fr\/wp-json\/wp\/v2\/media?parent=2321"}],"curies":[{"name":"wp","href":"https:\/\/api.w.org\/{rel}","templated":true}]}}